{"id":5077,"date":"2021-07-20T08:03:52","date_gmt":"2021-07-20T08:03:52","guid":{"rendered":"https:\/\/relaunch.meplan.com\/impressum\/"},"modified":"2021-12-12T13:28:43","modified_gmt":"2021-12-12T13:28:43","slug":"impressum","status":"publish","type":"page","link":"https:\/\/www.meplan.com\/en\/impressum\/","title":{"rendered":"Imprint"},"content":{"rendered":"<div class=\"g-container\"><div class=\"breadcrumbs align  wp-block-bcn-breadcrumb-trail has-text-color has-background\" vocab=\"https:\/\/schema.org\/\" typeof=\"BreadcrumbList\">\n\t<span><\/span>\n\t<span property=\"itemListElement\" typeof=\"ListItem\"><a property=\"item\" typeof=\"WebPage\" title=\"Go to MEPLAN.\" href=\"https:\/\/www.meplan.com\/en\/\" class=\"home\" ><span property=\"name\">Home<\/span><\/a><meta property=\"position\" content=\"1\"><\/span> &gt; <span property=\"itemListElement\" typeof=\"ListItem\"><a property=\"item\" typeof=\"WebPage\" title=\"Go to Cookie-Richtlinie.\" href=\"https:\/\/www.meplan.com\/en\/cookie-richtlinie\/\" class=\"post-root post post-post\" aria-current=\"page\"><span property=\"name\">Cookie-Richtlinie<\/span><\/a><meta property=\"position\" content=\"2\"><\/span><\/div>\n<\/div>\n\n\n\n<div  class=\"image_and_text  image_and_text_boxouter--1  noimgcolouter \">\n    <div class=\"container\">\n        <div style=\"position: relative;\" class=\"image_and_text_box image_and_text_box--1  noimgcol\">\n\t        \n\t\t\t\t\t\t            \t\t\t            \n\t\t\t            \t\t\t            \n\t\t\t            \n\t\t\t            \n\t\t\t            \n\t\t\t            <div class=\"image_and_text_box__col nominheight\">\n\t\t\t\t\t\t\t\t\t\t\t\t\t\t\t\t\t<span class=\"image_and_text_box__content noimg\" >\n\t\t\t\t\t\t\t\t\t\t\t\t\t\t\t\t\t\t<h1 class=\"h3\"><span style=\"background-color: #B9E457; box-shadow: 0.1em 0 0 #B9E457, -0.1em 0 0 #B9E457;\">Imprint<\/span><\/h1>\n\t\t\t\t\t\t\t\t\t\n\t\t\t                    \n\t\t\t                    \t\t\t                <\/a>\n\t\t\t            <\/div>\t\t\t\t\t\n\t\t\t\t\t        <\/div>\n    <\/div>\n<\/div>\n\n\n<style>\n\n\t@media (max-width: 667px) {\n\t\t.stoereronimg {\n\t\t\ttop: 0px !important;\n\t\t\tleft: auto !important;\n\t\t\tright: 0px !important;\n\t\t\tmax-width: 170px !important;\n\t\t}\n\t}\t\n<\/style>\n\n<div class=\"g-container\">\n<p>meplan\u202fGmbH&nbsp;<br>Am Messesee 2<br>81829 M\u00fcnchen&nbsp;<\/p>\n<\/div>\n\n<div class=\"g-container\">\n<p>Phone: +49 89 540267980&nbsp;<br>E-Mail:\u202f<a href=\"mailto:info@meplan.de\" target=\"_blank\" rel=\"noreferrer noopener\">info@meplan.de<\/a>&nbsp;<\/p>\n<\/div>\n\n<div class=\"g-container\">\n<p>meplan is a subsidiary of Messe M\u00fcnchen GmbH<\/p>\n<\/div>\n\n<div class=\"g-container\">\n<p><strong>Responsible for the content of this website<\/strong>&nbsp;(pursuant to Article 55 paragraph 2 of the German Interstate Broadcasting Agreement):&nbsp;<br>Siegbert Hieber,&nbsp;<br>Sven Bonifer&nbsp;<\/p>\n<\/div>\n\n<div class=\"g-container\">\n<p><strong><a href=\"Registered:\">Registereintrag:&nbsp;<\/a><\/strong><a href=\"Registered:\nGerman Commercial Register.\nCourt of Registration: Local Court Munich\nRegistry number: HRB 791 73\"><br>German Commercial Register.<br>Court of Registration: Local Court Munich<br>Registry number: HRB 791 73<\/a><\/p>\n<\/div>\n\n<div class=\"g-container\">\n<p><strong><strong>German VAT-ID:<\/strong><\/strong><br>UVAT-ID number pursuant to Article 27a of the German law on turnover tax:<br>DE 129413685<\/p>\n<\/div>\n\n<div class=\"g-container\">\n<p><strong><strong>Authorized representatives:<\/strong><\/strong><br>Siegbert Hieber,&nbsp;(CEO)<br>Sven Bonifer&nbsp;(CEO)<\/p>\n<\/div>\n\n<div class=\"g-container\">\n<p><strong><strong>Image copyright:<\/strong><\/strong><br>This website uses images provided by&nbsp;<a href=\"http:\/\/www.messe-muenchen.de\/\">Messe M\u00fcnchen<\/a>.<\/p>\n<\/div>\n\n<div class=\"g-container\">\n<p>Concept, design and development: www.adventure7.de<\/p>\n<\/div>\n\n<div class=\"g-container\">\n<p><strong>Disclaimer:&nbsp;<\/strong><\/p>\n<\/div>\n\n<div class=\"g-container\">\n<p><strong>Liability for Content<\/strong><\/p>\n<\/div>\n\n<div class=\"g-container\">\n<p>Die Inhalte unserer Seiten wurden mit gr\u00f6\u00dfter Sorgfalt erstellt. Wir sind bem\u00fcht, f\u00fcr die Richtigkeit, Vollst\u00e4ndigkeit und The contents of this website have been created and selected with the utmost care. In accordance with Section&nbsp;7(1) of the German Telecommunications Act, we strive to keep any and all information on this website correct, complete and current as we are legally accountable for such contents. However, pursuant to Sections&nbsp;8 through 10 of the German Telecommunication Acts, we shall not assume any guarantee as to the correctness, completeness, timeliness or quality of the provided information and data. Furthermore, we shall neither be obligated to monitor third-party information that is being transmitted or stored nor shall we actively search for circumstances that might indicate unlawful activities.<\/p>\n<\/div>\n\n<div class=\"g-container\">\n<p><strong>Liability for Links<\/strong><\/p>\n<\/div>\n\n<div class=\"g-container\">\n<p>Our website contains links, such as hyperlinks, to third-party websites offering contents outside our sphere of influence. Therefore, we cannot be held responsible for the contents of such third-party websites. The operators or providers of any such respective third-party website will be solely responsible in this matter. We do not in any way appropriate the contents of these third-party websites and waive any claim to them whatsoever. Furthermore, we cannot assume any guarantees as to the correctness, completeness and availability of such contents. We have reviewed the contents of all third-party websites before linking them to our website. At that time, we were not able to detect any criminal or civil offence. Therefore, we are under no obligation to continuously monitor the linked websites for any changes that might indicate such offences. However, should we or any third party become aware of a specific criminal or civil offence on one of these linked third-party websites, we will remove the link and any reference to such website as far as it is technically feasible for us.<\/p>\n<\/div>\n\n<div class=\"g-container\">\n<p><strong>Copyright<\/strong><\/p>\n<\/div>\n\n<div class=\"g-container\">\n<p>Any and all contents and works created and published by the operators of this website shall be subject to the intellectual property law of the Federal Republic of Germany. Duplication, processing, distribution and exploitation outside the scope of said intellectual property law shall require the author\u2019s prior written consent. Downloads and copies of this website may only be used for private and non-commercial purposes. Any third-party works on this website shall equally be subject to intellectual property laws and are designated as such. However, should you nonetheless identify an infringement of intellectual property on this website, we kindly ask you to inform us accordingly. Any such unlawful contents will be immediately removed by us.<\/p>\n<\/div>","protected":false},"excerpt":{"rendered":"<p>meplan\u202fGmbH&nbsp;Am Messesee 281829 M\u00fcnchen&nbsp; Phone: +49 89 540267980&nbsp;E-Mail:\u202finfo@meplan.de&nbsp; meplan is a subsidiary of Messe M\u00fcnchen GmbH Responsible for the content of this website&nbsp;(pursuant to Article 55 paragraph 2 of the German Interstate Broadcasting Agreement):&nbsp;Siegbert Hieber,&nbsp;Sven Bonifer&nbsp; Registereintrag:&nbsp;German Commercial Register.Court of Registration: Local Court MunichRegistry number: HRB 791 73 German VAT-ID:UVAT-ID number pursuant to Article 27a [&hellip;]<\/p>\n","protected":false},"author":1,"featured_media":0,"parent":0,"menu_order":0,"comment_status":"closed","ping_status":"closed","template":"","meta":{"_acf_changed":false,"footnotes":""},"class_list":["post-5077","page","type-page","status-publish","hentry"],"acf":[],"yoast_head":"<!-- This site is optimized with the Yoast SEO plugin v27.4 - https:\/\/yoast.com\/product\/yoast-seo-wordpress\/ -->\n<title>Imprint - MEPLAN<\/title>\n<meta name=\"robots\" content=\"index, follow, max-snippet:-1, max-image-preview:large, max-video-preview:-1\" \/>\n<link rel=\"canonical\" href=\"https:\/\/www.meplan.com\/en\/impressum\/\" \/>\n<meta property=\"og:locale\" content=\"en_US\" \/>\n<meta property=\"og:type\" content=\"article\" \/>\n<meta property=\"og:title\" content=\"Imprint - MEPLAN\" \/>\n<meta property=\"og:description\" content=\"meplan\u202fGmbH&nbsp;Am Messesee 281829 M\u00fcnchen&nbsp; Phone: +49 89 540267980&nbsp;E-Mail:\u202finfo@meplan.de&nbsp; meplan is a subsidiary of Messe M\u00fcnchen GmbH Responsible for the content of this website&nbsp;(pursuant to Article 55 paragraph 2 of the German Interstate Broadcasting Agreement):&nbsp;Siegbert Hieber,&nbsp;Sven Bonifer&nbsp; Registereintrag:&nbsp;German Commercial Register.Court of Registration: Local Court MunichRegistry number: HRB 791 73 German VAT-ID:UVAT-ID number pursuant to Article 27a [&hellip;]\" \/>\n<meta property=\"og:url\" content=\"https:\/\/www.meplan.com\/en\/impressum\/\" \/>\n<meta property=\"og:site_name\" content=\"MEPLAN\" \/>\n<meta property=\"article:modified_time\" content=\"2021-12-12T13:28:43+00:00\" \/>\n<meta name=\"twitter:card\" content=\"summary_large_image\" \/>\n<meta name=\"twitter:label1\" content=\"Est. reading time\" \/>\n\t<meta name=\"twitter:data1\" content=\"3 minutes\" \/>\n<script type=\"application\/ld+json\" class=\"yoast-schema-graph\">{\"@context\":\"https:\\\/\\\/schema.org\",\"@graph\":[{\"@type\":\"WebPage\",\"@id\":\"https:\\\/\\\/www.meplan.com\\\/en\\\/impressum\\\/\",\"url\":\"https:\\\/\\\/www.meplan.com\\\/en\\\/impressum\\\/\",\"name\":\"Imprint - MEPLAN\",\"isPartOf\":{\"@id\":\"https:\\\/\\\/www.meplan.com\\\/#website\"},\"datePublished\":\"2021-07-20T08:03:52+00:00\",\"dateModified\":\"2021-12-12T13:28:43+00:00\",\"breadcrumb\":{\"@id\":\"https:\\\/\\\/www.meplan.com\\\/en\\\/impressum\\\/#breadcrumb\"},\"inLanguage\":\"en-US\",\"potentialAction\":[{\"@type\":\"ReadAction\",\"target\":[\"https:\\\/\\\/www.meplan.com\\\/en\\\/impressum\\\/\"]}]},{\"@type\":\"BreadcrumbList\",\"@id\":\"https:\\\/\\\/www.meplan.com\\\/en\\\/impressum\\\/#breadcrumb\",\"itemListElement\":[{\"@type\":\"ListItem\",\"position\":1,\"name\":\"Home\",\"item\":\"https:\\\/\\\/www.meplan.com\\\/en\\\/\"},{\"@type\":\"ListItem\",\"position\":2,\"name\":\"Imprint\"}]},{\"@type\":\"WebSite\",\"@id\":\"https:\\\/\\\/www.meplan.com\\\/#website\",\"url\":\"https:\\\/\\\/www.meplan.com\\\/\",\"name\":\"MEPLAN\",\"description\":\"\",\"potentialAction\":[{\"@type\":\"SearchAction\",\"target\":{\"@type\":\"EntryPoint\",\"urlTemplate\":\"https:\\\/\\\/www.meplan.com\\\/?s={search_term_string}\"},\"query-input\":{\"@type\":\"PropertyValueSpecification\",\"valueRequired\":true,\"valueName\":\"search_term_string\"}}],\"inLanguage\":\"en-US\"}]}<\/script>\n<!-- \/ Yoast SEO plugin. -->","yoast_head_json":{"title":"Imprint - MEPLAN","robots":{"index":"index","follow":"follow","max-snippet":"max-snippet:-1","max-image-preview":"max-image-preview:large","max-video-preview":"max-video-preview:-1"},"canonical":"https:\/\/www.meplan.com\/en\/impressum\/","og_locale":"en_US","og_type":"article","og_title":"Imprint - MEPLAN","og_description":"meplan\u202fGmbH&nbsp;Am Messesee 281829 M\u00fcnchen&nbsp; Phone: +49 89 540267980&nbsp;E-Mail:\u202finfo@meplan.de&nbsp; meplan is a subsidiary of Messe M\u00fcnchen GmbH Responsible for the content of this website&nbsp;(pursuant to Article 55 paragraph 2 of the German Interstate Broadcasting Agreement):&nbsp;Siegbert Hieber,&nbsp;Sven Bonifer&nbsp; Registereintrag:&nbsp;German Commercial Register.Court of Registration: Local Court MunichRegistry number: HRB 791 73 German VAT-ID:UVAT-ID number pursuant to Article 27a [&hellip;]","og_url":"https:\/\/www.meplan.com\/en\/impressum\/","og_site_name":"MEPLAN","article_modified_time":"2021-12-12T13:28:43+00:00","twitter_card":"summary_large_image","twitter_misc":{"Est. reading time":"3 minutes"},"schema":{"@context":"https:\/\/schema.org","@graph":[{"@type":"WebPage","@id":"https:\/\/www.meplan.com\/en\/impressum\/","url":"https:\/\/www.meplan.com\/en\/impressum\/","name":"Imprint - MEPLAN","isPartOf":{"@id":"https:\/\/www.meplan.com\/#website"},"datePublished":"2021-07-20T08:03:52+00:00","dateModified":"2021-12-12T13:28:43+00:00","breadcrumb":{"@id":"https:\/\/www.meplan.com\/en\/impressum\/#breadcrumb"},"inLanguage":"en-US","potentialAction":[{"@type":"ReadAction","target":["https:\/\/www.meplan.com\/en\/impressum\/"]}]},{"@type":"BreadcrumbList","@id":"https:\/\/www.meplan.com\/en\/impressum\/#breadcrumb","itemListElement":[{"@type":"ListItem","position":1,"name":"Home","item":"https:\/\/www.meplan.com\/en\/"},{"@type":"ListItem","position":2,"name":"Imprint"}]},{"@type":"WebSite","@id":"https:\/\/www.meplan.com\/#website","url":"https:\/\/www.meplan.com\/","name":"MEPLAN","description":"","potentialAction":[{"@type":"SearchAction","target":{"@type":"EntryPoint","urlTemplate":"https:\/\/www.meplan.com\/?s={search_term_string}"},"query-input":{"@type":"PropertyValueSpecification","valueRequired":true,"valueName":"search_term_string"}}],"inLanguage":"en-US"}]}},"_links":{"self":[{"href":"https:\/\/www.meplan.com\/en\/wp-json\/wp\/v2\/pages\/5077","targetHints":{"allow":["GET"]}}],"collection":[{"href":"https:\/\/www.meplan.com\/en\/wp-json\/wp\/v2\/pages"}],"about":[{"href":"https:\/\/www.meplan.com\/en\/wp-json\/wp\/v2\/types\/page"}],"author":[{"embeddable":true,"href":"https:\/\/www.meplan.com\/en\/wp-json\/wp\/v2\/users\/1"}],"replies":[{"embeddable":true,"href":"https:\/\/www.meplan.com\/en\/wp-json\/wp\/v2\/comments?post=5077"}],"version-history":[{"count":18,"href":"https:\/\/www.meplan.com\/en\/wp-json\/wp\/v2\/pages\/5077\/revisions"}],"predecessor-version":[{"id":7681,"href":"https:\/\/www.meplan.com\/en\/wp-json\/wp\/v2\/pages\/5077\/revisions\/7681"}],"wp:attachment":[{"href":"https:\/\/www.meplan.com\/en\/wp-json\/wp\/v2\/media?parent=5077"}],"curies":[{"name":"wp","href":"https:\/\/api.w.org\/{rel}","templated":true}]}}