{"id":5137,"date":"2021-08-19T16:55:07","date_gmt":"2021-08-19T16:55:07","guid":{"rendered":"https:\/\/relaunch.meplan.com\/markenauftritt\/designstaende\/referenz-liebherr\/"},"modified":"2025-06-13T14:11:14","modified_gmt":"2025-06-13T14:11:14","slug":"referenz-liebherr","status":"publish","type":"page","link":"https:\/\/www.meplan.com\/en\/markenauftritt\/designstaende\/referenz-liebherr\/","title":{"rendered":"Reference Liebherr"},"content":{"rendered":"<div class=\"g-container\"><div class=\"breadcrumbs align  wp-block-bcn-breadcrumb-trail has-text-color has-background\" vocab=\"https:\/\/schema.org\/\" typeof=\"BreadcrumbList\">\n\t<span><\/span>\n\t<span property=\"itemListElement\" typeof=\"ListItem\"><a property=\"item\" typeof=\"WebPage\" title=\"Go to MEPLAN.\" href=\"https:\/\/www.meplan.com\/en\/\" class=\"home\" ><span property=\"name\">Home<\/span><\/a><meta property=\"position\" content=\"1\"><\/span> &gt; <span property=\"itemListElement\" typeof=\"ListItem\"><a property=\"item\" typeof=\"WebPage\" title=\"Go to Cookie-Richtlinie.\" href=\"https:\/\/www.meplan.com\/en\/cookie-richtlinie\/\" class=\"post-root post post-post\" aria-current=\"page\"><span property=\"name\">Cookie-Richtlinie<\/span><\/a><meta property=\"position\" content=\"2\"><\/span><\/div>\n<\/div>\n\n\n\n<div  class=\"hero_banner\">\n    <div class=\"container container--sm\">\n                    <div class=\"hero_banner__header\">\n                                    <div class=\"hero_banner__panel\">\n                                                    <span class=\"hero_banner__customer\">Liebherr<\/span>\n                                                                            <span class=\"hero_banner__event\">bauma 2022<\/span>\n                                            <\/div>\n                                                    <h2><span style=\"background-color: #00D7FF; box-shadow: 0.1em 0 0 #00D7FF, -0.1em 0 0 #00D7FF;\">Strong and self-confident<\/span><\/h2>\n                            <\/div>\n            <\/div>\n    <div class=\"container\">\n                \n<div style=\"display: none;\">\n\t5137<\/div>\n\t        \n            <div class=\"hero_slider swiper-container\" data-id=\"block_6b3f377f50af35a9bb61d79e32134a6f\">\n\t\t\t            \n\t            <div class=\"swiper-button-prev\"><\/div>\n                <div class=\"swiper-wrapper\">\n                                            <div class=\"swiper-slide\">\n                            <div class=\"hero_slider__visual\">\n                                <img loading=\"lazy\" decoding=\"async\" width=\"1440\" height=\"840\" src=\"https:\/\/www.meplan.com\/wp-content\/uploads\/2023\/05\/JB94523_meplan_Liebherr-1440x840.jpg\" class=\"attachment-thumbnail_1440x840 size-thumbnail_1440x840\" alt=\"\" \/>                            <\/div>\n                        <\/div>\n                                            <div class=\"swiper-slide\">\n                            <div class=\"hero_slider__visual\">\n                                <img loading=\"lazy\" decoding=\"async\" width=\"1440\" height=\"840\" src=\"https:\/\/www.meplan.com\/wp-content\/uploads\/2023\/05\/JB94609-1440x840.jpg\" class=\"attachment-thumbnail_1440x840 size-thumbnail_1440x840\" alt=\"\" \/>                            <\/div>\n                        <\/div>\n                                            <div class=\"swiper-slide\">\n                            <div class=\"hero_slider__visual\">\n                                <img loading=\"lazy\" decoding=\"async\" width=\"1440\" height=\"840\" src=\"https:\/\/www.meplan.com\/wp-content\/uploads\/2023\/05\/JB94736-1440x840.jpg\" class=\"attachment-thumbnail_1440x840 size-thumbnail_1440x840\" alt=\"\" \/>                            <\/div>\n                        <\/div>\n                                            <div class=\"swiper-slide\">\n                            <div class=\"hero_slider__visual\">\n                                <img loading=\"lazy\" decoding=\"async\" width=\"1440\" height=\"825\" src=\"https:\/\/www.meplan.com\/wp-content\/uploads\/2023\/05\/JB94657-1440x825.jpg\" class=\"attachment-thumbnail_1440x840 size-thumbnail_1440x840\" alt=\"\" \/>                            <\/div>\n                        <\/div>\n                                            <div class=\"swiper-slide\">\n                            <div class=\"hero_slider__visual\">\n                                <img loading=\"lazy\" decoding=\"async\" width=\"1440\" height=\"840\" src=\"https:\/\/www.meplan.com\/wp-content\/uploads\/2023\/05\/JB94817-1440x840.jpg\" class=\"attachment-thumbnail_1440x840 size-thumbnail_1440x840\" alt=\"\" \/>                            <\/div>\n                        <\/div>\n                                            <div class=\"swiper-slide\">\n                            <div class=\"hero_slider__visual\">\n                                <img loading=\"lazy\" decoding=\"async\" width=\"1440\" height=\"840\" src=\"https:\/\/www.meplan.com\/wp-content\/uploads\/2023\/05\/JB95004-1440x840.jpg\" class=\"attachment-thumbnail_1440x840 size-thumbnail_1440x840\" alt=\"\" \/>                            <\/div>\n                        <\/div>\n                                    <\/div>\n                <div class=\"swiper-button-next\"><\/div>\n            <\/div>\n            <\/div>\n    <div class=\"container container--sm\">\n                    <strong class=\"hero_banner__caption\">\n                Liebherr brand presentation at Bauma 2022 was strong and self-confident.               <\/strong>\n            <\/div>\n<\/div>\n\n\n<div  class=\"characteristics\">\n    <div class=\"container container--sm\">\n        <div class=\"characteristics_columns\">\n                            <div class=\"characteristics_columns__col\">\n                    <div class=\"characteristics_text\">\n                        <p class=\"paragraph\" style=\"vertical-align: baseline;\"><span class=\"TextRun SCXW107067094 BCX0\" lang=\"EN-US\" xml:lang=\"EN-US\" data-contrast=\"auto\"><span class=\"NormalTextRun SCXW107067094 BCX0\" data-ccp-charstyle=\"eop\">It<\/span><span class=\"NormalTextRun SCXW107067094 BCX0\" data-ccp-charstyle=\"eop\">\u00a0offered the opportunity to discover high-tech solutions by the company\u2019s division.<\/span><\/span> <span class=\"TextRun SCXW107067094 BCX0\" lang=\"EN-US\" xml:lang=\"EN-US\" data-contrast=\"auto\"><span class=\"NormalTextRun SCXW107067094 BCX0\" data-ccp-charstyle=\"normaltextrun\" data-ccp-charstyle-defn=\"{&quot;ObjectId&quot;:&quot;362093ed-96b8-42c1-aa0b-cd65754aa949|6&quot;,&quot;ClassId&quot;:1073872969,&quot;Properties&quot;:[134233614,&quot;true&quot;,201340122,&quot;1&quot;,469775450,&quot;normaltextrun&quot;,469778129,&quot;normaltextrun&quot;,469778324,&quot;Default Paragraph Font&quot;]}\">The open space concept<\/span><span class=\"NormalTextRun SCXW107067094 BCX0\" data-ccp-charstyle=\"normaltextrun\">\u00a0draws the visitor into the booth, right into the product area, which has been arranged around the main pathways<\/span><\/span><\/p>\n<p class=\"paragraph\" style=\"vertical-align: baseline;\"><span class=\"TextRun SCXW107067094 BCX0\" lang=\"EN-US\" xml:lang=\"EN-US\" data-contrast=\"auto\"><span class=\"NormalTextRun SCXW107067094 BCX0\" data-ccp-charstyle=\"normaltextrun\">A huge LED wall stretches along the entire width of the booth.<\/span><\/span><span class=\"TextRun SCXW107067094 BCX0\" lang=\"DE-DE\" xml:lang=\"DE-DE\" data-contrast=\"auto\"><span class=\"NormalTextRun SCXW107067094 BCX0\" data-ccp-charstyle=\"normaltextrun\">\u00a0<\/span><\/span><span class=\"TextRun SCXW107067094 BCX0\" lang=\"EN-US\" xml:lang=\"EN-US\" data-contrast=\"auto\"><span class=\"NormalTextRun SCXW107067094 BCX0\" data-ccp-charstyle=\"normaltextrun\">It displays digitally the whole range of components and thereby makes an excellent connection between Liebherr Components and the exhibited applications.<\/span><\/span><span class=\"TextRun SCXW107067094 BCX0\" lang=\"DE-DE\" xml:lang=\"DE-DE\" data-contrast=\"auto\"><span class=\"NormalTextRun SCXW107067094 BCX0\" data-ccp-charstyle=\"normaltextrun\">\u00a0<\/span><\/span><span class=\"TextRun SCXW107067094 BCX0\" lang=\"EN-US\" xml:lang=\"EN-US\" data-contrast=\"auto\"><span class=\"NormalTextRun SCXW107067094 BCX0\" data-ccp-charstyle=\"normaltextrun\">Visitors also have an unhindered view of the product and LED presentation from the VIP lounge on the upper story.<\/span><\/span><span class=\"EOP SCXW107067094 BCX0\" data-ccp-props=\"{&quot;134233117&quot;:true,&quot;134233118&quot;:true,&quot;201341983&quot;:0,&quot;335559740&quot;:240}\">\u00a0<\/span><\/p>\n                    <\/div>\n                <\/div>\n                                                            <div class=\"characteristics_columns__col\">\n                        <div class=\"characteristics_dark_container\">\n                            <div class=\"characteristics_dark_container__holder\">\n                                                                    <h3><span style=\"background-color: #00D7FF; box-shadow: 0.1em 0 0 #00D7FF, -0.1em 0 0 #00D7FF;\">At a glance<\/span><\/h3>\n                                                                                                    <dl class=\"characteristics_list\" style=\"text-transform: uppercase;\">\n                                                                                                                                    <dt>Area<\/dt>\n                                                                                                                                        <dd>Design solution<\/dd>\n                                                                                                                                                                                <dt>Client<\/dt>\n                                                                                                                                        <dd>Liebherr<\/dd>\n                                                                                                                                                                                <dt>Trade fair<\/dt>\n                                                                                                                                        <dd>bauma 2022<\/dd>\n                                                                                                                                                                                <dt>Industry<\/dt>\n                                                                                                                                        <dd>Construction<\/dd>\n                                                                                                                                                                                <dt>Place<\/dt>\n                                                                                                                                        <dd>Munich<\/dd>\n                                                                                                                                                                                <dt>Surface area<\/dt>\n                                                                                                                                        <dd>450 m\u00b2<\/dd>\n                                                                                                                        <\/dl>\n                                                            <\/div>\n                        <\/div>\n                    <\/div>\n                                    <\/div>\n    <\/div>\n<\/div>\n\n\n<div  class=\"team\">\n            <div class=\"news__heading\">\n            <div class=\"container\">\n                <h4>Personal service for you. <\/h4>\n            <\/div>\n        <\/div>\n        <div class=\"container\">\n                            <ul class=\"list_team team_columns_2\">\n                                    <li>\n                        <div class=\"team_item \">\n                    \n        <img loading=\"lazy\" decoding=\"async\" src=\"https:\/\/www.meplan.com\/wp-content\/uploads\/2023\/05\/Cars1_MA_Fotos_Website.png\" width=\"272\" height=\"344\" \/>        \n        \n        \n\n\n        \n        <div class=\"team_item__body\">\n        <h3 class=\"team_item__name\">Carsten <br>Michel<\/h3>                    <h4 class=\"team_item__position\">\n                <span style=\"background-color: #FF6872; box-shadow: 0.1em 0 0 #FF6872, -0.1em 0 0 #FF6872;\">Project Manager<\/span>\n            <\/h4>\n                            <\/div>\n<\/div>\n\n<style>\n.hoverimg{\n\topacity: 0;\n    position: absolute;\n    top: 0;\n    left: 0;\n    height: 100%;\n}\t\n.team_item.hover .hoverimg{\n\topacity: 1;\n}\n<\/style>                    <\/li>\n                                    <li>\n                        <div class=\"team_item \">\n                    \n        <img loading=\"lazy\" decoding=\"async\" src=\"https:\/\/www.meplan.com\/wp-content\/uploads\/2023\/05\/Joerg1_MA_Fotos_Website.png\" width=\"272\" height=\"344\" \/>        \n        \n        \n\n\n        \n        <div class=\"team_item__body\">\n        <h3 class=\"team_item__name\">J\u00f6rg <br>Wutz<\/h3>                    <h4 class=\"team_item__position\">\n                <span style=\"background-color: #FF6872; box-shadow: 0.1em 0 0 #FF6872, -0.1em 0 0 #FF6872;\">Art Director<\/span>\n            <\/h4>\n                            <\/div>\n<\/div>\n\n<style>\n.hoverimg{\n\topacity: 0;\n    position: absolute;\n    top: 0;\n    left: 0;\n    height: 100%;\n}\t\n.team_item.hover .hoverimg{\n\topacity: 1;\n}\n<\/style>                    <\/li>\n                            <\/ul>\n                    <\/div>\n<\/div>\n\n\n<div  class=\"section-links\">\n    <div class=\"container\">\n        <div class=\"links-columns\">\n                            <div class=\"links-columns__col\">\n                    <h2 class=\"title-links\">\n\t                    \t                    \n\t                    <span style=\"background-color: #0D4A8F; box-shadow: 0.1em 0 0 #0D4A8F, -0.1em 0 0 #0D4A8F;\">Drop us a line.  <\/span>\n\t                <\/h2>\n                <\/div>\n                                        <div class=\"links-columns__col\" style=\"margin-bottom: -90px; \">\n                    <ul class=\"list-links\">\n                                                    <li>\n                                <a class=\"link_el\" href=\"mailto:info@meplan.de\" >e-Mail <span class=\"arrow_horizontal\"><span class=\"icon-link-arrow-large-next\"><\/span><\/span><\/a>\n                            <\/li>\n                                            <\/ul>\n                <\/div>\n                    <\/div>\n    <\/div>\n<\/div>\n\n\n\n\t        <div  class=\"two-columns-full-image grid_image\">\n\n\n\t    \n\t    \t    \n                    <div class=\"grid_image__col two-columns-full-image__col\">\n                                    <img decoding=\"async\" src=\"https:\/\/www.meplan.com\/wp-content\/uploads\/2021\/08\/Nachaltige_Standsysteme_Closeup_960x498-960x498.jpg\" alt=\"meplan nachhaltiger Messebau Messestand\">\n                                                    <a class=\"grid_image__text\" href=\"https:\/\/www.meplan.com\/en\/nachhaltigkeit\/\" target=\"\">\n                                                    <h3><span style=\"background-color: #B9E457; box-shadow: 0.1em 0 0 #B9E457, -0.1em 0 0 #B9E457;\">Sustainability <\/span><\/h3>\n                                                                            <div class=\"grid_image__hold\">\n                                <div class=\"grid_image__body\">\n                                                                            <div class=\"two-columns-full-image__text\">\n                                            <p>We are your partner for resource-saving and CO\u2082-neutral trade show appearances and meet the highest ESG criteria.<\/p>\n                                        <\/div>\n                                                                        <span class=\"link\">\n                                        <span class=\"arrow_horizontal\"><span class=\"icon-link-arrow-large-next\"><\/span><\/span>\n                                    <\/span>\n                                <\/div>\n                            <\/div>\n                                            <\/a>\n                            <\/div>\n                    <div class=\"grid_image__col two-columns-full-image__col\">\n                                    <img decoding=\"async\" src=\"https:\/\/www.meplan.com\/wp-content\/uploads\/2021\/09\/Bereichsteaser-Virtueller-Markenraum-960x498.jpg\" alt=\"meplan Digital Twin Markenauftritt Messestand\">\n                                                    <a class=\"grid_image__text\" href=\"https:\/\/www.meplan.com\/en\/digitale-loesung-2\/\" target=\"\">\n                                                    <h3><span style=\"background-color: #00D7FF; box-shadow: 0.1em 0 0 #00D7FF, -0.1em 0 0 #00D7FF;\">Digital<br \/>\r\nSolutions<\/span><\/h3>\n                                                                            <div class=\"grid_image__hold\">\n                                <div class=\"grid_image__body\">\n                                                                            <div class=\"two-columns-full-image__text\">\n                                            <p>We support you with groundbreaking concepts, hybrid and virtual trade fair solutions.<\/p>\n                                        <\/div>\n                                                                        <span class=\"link\">\n                                        <span class=\"arrow_horizontal\"><span class=\"icon-link-arrow-large-next\"><\/span><\/span>\n                                    <\/span>\n                                <\/div>\n                            <\/div>\n                                            <\/a>\n                            <\/div>\n            <\/div>\n","protected":false},"excerpt":{"rendered":"","protected":false},"author":2,"featured_media":0,"parent":5091,"menu_order":0,"comment_status":"closed","ping_status":"closed","template":"","meta":{"_acf_changed":false,"footnotes":""},"class_list":["post-5137","page","type-page","status-publish","hentry"],"acf":[],"yoast_head":"<!-- This site is optimized with the Yoast SEO plugin v27.4 - https:\/\/yoast.com\/product\/yoast-seo-wordpress\/ -->\n<title>Liebherr Messestand Referenz | meplan<\/title>\n<meta name=\"description\" content=\"Selbstbewusst und stark pr\u00e4sentiert sich die Marke Liebherr auf der Bauma 2019. Mit gro\u00dfer Pr\u00e4senz und unverwechselbarer CI.\" \/>\n<meta name=\"robots\" content=\"index, follow, max-snippet:-1, max-image-preview:large, max-video-preview:-1\" \/>\n<link rel=\"canonical\" href=\"https:\/\/www.meplan.com\/en\/markenauftritt\/designstaende\/referenz-liebherr\/\" \/>\n<meta property=\"og:locale\" content=\"en_US\" \/>\n<meta property=\"og:type\" content=\"article\" \/>\n<meta property=\"og:title\" content=\"Liebherr Messestand Referenz | meplan\" \/>\n<meta property=\"og:description\" content=\"Selbstbewusst und stark pr\u00e4sentiert sich die Marke Liebherr auf der Bauma 2019. Mit gro\u00dfer Pr\u00e4senz und unverwechselbarer CI.\" \/>\n<meta property=\"og:url\" content=\"https:\/\/www.meplan.com\/en\/markenauftritt\/designstaende\/referenz-liebherr\/\" \/>\n<meta property=\"og:site_name\" content=\"MEPLAN\" \/>\n<meta property=\"article:modified_time\" content=\"2025-06-13T14:11:14+00:00\" \/>\n<meta name=\"twitter:card\" content=\"summary_large_image\" \/>\n<script type=\"application\/ld+json\" class=\"yoast-schema-graph\">{\"@context\":\"https:\\\/\\\/schema.org\",\"@graph\":[{\"@type\":\"WebPage\",\"@id\":\"https:\\\/\\\/www.meplan.com\\\/en\\\/markenauftritt\\\/designstaende\\\/referenz-liebherr\\\/\",\"url\":\"https:\\\/\\\/www.meplan.com\\\/en\\\/markenauftritt\\\/designstaende\\\/referenz-liebherr\\\/\",\"name\":\"Liebherr Messestand Referenz | meplan\",\"isPartOf\":{\"@id\":\"https:\\\/\\\/www.meplan.com\\\/#website\"},\"datePublished\":\"2021-08-19T16:55:07+00:00\",\"dateModified\":\"2025-06-13T14:11:14+00:00\",\"description\":\"Selbstbewusst und stark pr\u00e4sentiert sich die Marke Liebherr auf der Bauma 2019. Mit gro\u00dfer Pr\u00e4senz und unverwechselbarer CI.\",\"breadcrumb\":{\"@id\":\"https:\\\/\\\/www.meplan.com\\\/en\\\/markenauftritt\\\/designstaende\\\/referenz-liebherr\\\/#breadcrumb\"},\"inLanguage\":\"en-US\",\"potentialAction\":[{\"@type\":\"ReadAction\",\"target\":[\"https:\\\/\\\/www.meplan.com\\\/en\\\/markenauftritt\\\/designstaende\\\/referenz-liebherr\\\/\"]}]},{\"@type\":\"BreadcrumbList\",\"@id\":\"https:\\\/\\\/www.meplan.com\\\/en\\\/markenauftritt\\\/designstaende\\\/referenz-liebherr\\\/#breadcrumb\",\"itemListElement\":[{\"@type\":\"ListItem\",\"position\":1,\"name\":\"Home\",\"item\":\"https:\\\/\\\/www.meplan.com\\\/en\\\/\"},{\"@type\":\"ListItem\",\"position\":2,\"name\":\"Fair presence\",\"item\":\"https:\\\/\\\/www.meplan.com\\\/en\\\/markenauftritt\\\/\"},{\"@type\":\"ListItem\",\"position\":3,\"name\":\"Design booth\",\"item\":\"https:\\\/\\\/www.meplan.com\\\/en\\\/markenauftritt\\\/designstaende\\\/\"},{\"@type\":\"ListItem\",\"position\":4,\"name\":\"Reference Liebherr\"}]},{\"@type\":\"WebSite\",\"@id\":\"https:\\\/\\\/www.meplan.com\\\/#website\",\"url\":\"https:\\\/\\\/www.meplan.com\\\/\",\"name\":\"MEPLAN\",\"description\":\"\",\"potentialAction\":[{\"@type\":\"SearchAction\",\"target\":{\"@type\":\"EntryPoint\",\"urlTemplate\":\"https:\\\/\\\/www.meplan.com\\\/?s={search_term_string}\"},\"query-input\":{\"@type\":\"PropertyValueSpecification\",\"valueRequired\":true,\"valueName\":\"search_term_string\"}}],\"inLanguage\":\"en-US\"}]}<\/script>\n<!-- \/ Yoast SEO plugin. -->","yoast_head_json":{"title":"Liebherr Messestand Referenz | meplan","description":"Selbstbewusst und stark pr\u00e4sentiert sich die Marke Liebherr auf der Bauma 2019. Mit gro\u00dfer Pr\u00e4senz und unverwechselbarer CI.","robots":{"index":"index","follow":"follow","max-snippet":"max-snippet:-1","max-image-preview":"max-image-preview:large","max-video-preview":"max-video-preview:-1"},"canonical":"https:\/\/www.meplan.com\/en\/markenauftritt\/designstaende\/referenz-liebherr\/","og_locale":"en_US","og_type":"article","og_title":"Liebherr Messestand Referenz | meplan","og_description":"Selbstbewusst und stark pr\u00e4sentiert sich die Marke Liebherr auf der Bauma 2019. Mit gro\u00dfer Pr\u00e4senz und unverwechselbarer CI.","og_url":"https:\/\/www.meplan.com\/en\/markenauftritt\/designstaende\/referenz-liebherr\/","og_site_name":"MEPLAN","article_modified_time":"2025-06-13T14:11:14+00:00","twitter_card":"summary_large_image","schema":{"@context":"https:\/\/schema.org","@graph":[{"@type":"WebPage","@id":"https:\/\/www.meplan.com\/en\/markenauftritt\/designstaende\/referenz-liebherr\/","url":"https:\/\/www.meplan.com\/en\/markenauftritt\/designstaende\/referenz-liebherr\/","name":"Liebherr Messestand Referenz | meplan","isPartOf":{"@id":"https:\/\/www.meplan.com\/#website"},"datePublished":"2021-08-19T16:55:07+00:00","dateModified":"2025-06-13T14:11:14+00:00","description":"Selbstbewusst und stark pr\u00e4sentiert sich die Marke Liebherr auf der Bauma 2019. Mit gro\u00dfer Pr\u00e4senz und unverwechselbarer CI.","breadcrumb":{"@id":"https:\/\/www.meplan.com\/en\/markenauftritt\/designstaende\/referenz-liebherr\/#breadcrumb"},"inLanguage":"en-US","potentialAction":[{"@type":"ReadAction","target":["https:\/\/www.meplan.com\/en\/markenauftritt\/designstaende\/referenz-liebherr\/"]}]},{"@type":"BreadcrumbList","@id":"https:\/\/www.meplan.com\/en\/markenauftritt\/designstaende\/referenz-liebherr\/#breadcrumb","itemListElement":[{"@type":"ListItem","position":1,"name":"Home","item":"https:\/\/www.meplan.com\/en\/"},{"@type":"ListItem","position":2,"name":"Fair presence","item":"https:\/\/www.meplan.com\/en\/markenauftritt\/"},{"@type":"ListItem","position":3,"name":"Design booth","item":"https:\/\/www.meplan.com\/en\/markenauftritt\/designstaende\/"},{"@type":"ListItem","position":4,"name":"Reference Liebherr"}]},{"@type":"WebSite","@id":"https:\/\/www.meplan.com\/#website","url":"https:\/\/www.meplan.com\/","name":"MEPLAN","description":"","potentialAction":[{"@type":"SearchAction","target":{"@type":"EntryPoint","urlTemplate":"https:\/\/www.meplan.com\/?s={search_term_string}"},"query-input":{"@type":"PropertyValueSpecification","valueRequired":true,"valueName":"search_term_string"}}],"inLanguage":"en-US"}]}},"_links":{"self":[{"href":"https:\/\/www.meplan.com\/en\/wp-json\/wp\/v2\/pages\/5137","targetHints":{"allow":["GET"]}}],"collection":[{"href":"https:\/\/www.meplan.com\/en\/wp-json\/wp\/v2\/pages"}],"about":[{"href":"https:\/\/www.meplan.com\/en\/wp-json\/wp\/v2\/types\/page"}],"author":[{"embeddable":true,"href":"https:\/\/www.meplan.com\/en\/wp-json\/wp\/v2\/users\/2"}],"replies":[{"embeddable":true,"href":"https:\/\/www.meplan.com\/en\/wp-json\/wp\/v2\/comments?post=5137"}],"version-history":[{"count":30,"href":"https:\/\/www.meplan.com\/en\/wp-json\/wp\/v2\/pages\/5137\/revisions"}],"predecessor-version":[{"id":20568,"href":"https:\/\/www.meplan.com\/en\/wp-json\/wp\/v2\/pages\/5137\/revisions\/20568"}],"up":[{"embeddable":true,"href":"https:\/\/www.meplan.com\/en\/wp-json\/wp\/v2\/pages\/5091"}],"wp:attachment":[{"href":"https:\/\/www.meplan.com\/en\/wp-json\/wp\/v2\/media?parent=5137"}],"curies":[{"name":"wp","href":"https:\/\/api.w.org\/{rel}","templated":true}]}}